{"id":5571,"date":"2019-11-27T18:00:54","date_gmt":"2019-11-27T18:00:54","guid":{"rendered":"http:\/\/neu.places-festival.de\/review\/"},"modified":"2022-12-15T15:26:33","modified_gmt":"2022-12-15T14:26:33","slug":"review","status":"publish","type":"page","link":"https:\/\/retro.places-festival.de\/en\/review\/","title":{"rendered":"Review"},"content":{"rendered":"<div class=\"wpb-content-wrapper\">[vc_row fullwidth=&#8221;true&#8221; equal_columns=&#8221;true&#8221; column_padding=&#8221;0%&#8221; visibility=&#8221;hidden-sm&#8221; css=&#8221;.vc_custom_1654864525792{padding-top: 50px !important;padding-bottom: 50px !important;background-color: #d60651 !important;background-position: center !important;background-repeat: no-repeat !important;background-size: cover !important;}&#8221; el_class=&#8221;stretch&#8221;][vc_column][vc_column_text el_class=&#8221;big&#8221; css=&#8221;.vc_custom_1574778784673{margin-bottom: 0px !important;}&#8221;]\n<p style=\"text-align: center; color: #dde600;\">Places _ 2018<\/p>\n[\/vc_column_text][\/vc_column][\/vc_row][vc_row fullwidth=&#8221;true&#8221; equal_columns=&#8221;true&#8221; column_padding=&#8221;0%&#8221; visibility=&#8221;visible-sm&#8221; css=&#8221;.vc_custom_1654864531112{padding-top: 50px !important;padding-bottom: 50px !important;background-color: #d60651 !important;background-position: center !important;background-repeat: no-repeat !important;background-size: cover !important;}&#8221;][vc_column][vc_column_text el_class=&#8221;big&#8221; css=&#8221;.vc_custom_1574778797312{margin-bottom: 0px !important;}&#8221;]\n<p style=\"text-align: center; color: #dde600;\">Places _ 2018<\/p>\n[\/vc_column_text][\/vc_column][\/vc_row][vc_row css=&#8221;.vc_custom_1574848190407{padding-top: 50px !important;}&#8221;][vc_column][vc_column_text css=&#8221;.vc_custom_1574853546961{margin-bottom: 0px !important;}&#8221;]\n<h6>Places _ Virtual Reality Festival: A real success<\/h6>\n[\/vc_column_text][vc_column_text css=&#8221;.vc_custom_1574339201309{margin-bottom: 0px !important;}&#8221;]From 19 to 22 April, Germany&#8217;s first festival for virtual reality took place in Gelsenkirchen, in the Kreativ.Quartier \u00dcckendorf. Over 2000 visitors, enthusiastic programme partners and numerous media reports with over 8.9 million viewers, readers and listeners confirm this impressively.[\/vc_column_text][vc_empty_space height=&#8221;16px&#8221;][\/vc_column][\/vc_row][vc_row][vc_column][vc_row_inner][vc_column_inner width=&#8221;1\/2&#8243;][vc_video max_width=&#8221;601&#8243; link=&#8221;https:\/\/www.youtube.com\/watch?v=TEi19kbiz4M&#8221;][\/vc_column_inner][vc_column_inner width=&#8221;1\/2&#8243;][vc_empty_space][mk_custom_list style=&#8221;mk-icon-arrow-right&#8221;]\n<ul>\n<li>\n<h6>7.9 million media contacts<\/h6>\n<\/li>\n<li>\n<h6>about 50 program partners<\/h6>\n<\/li>\n<li>\n<h6>Reports to over 60 TV, radio and press media<\/h6>\n<\/li>\n<li>\n<h6>more than 2000 visitors<\/h6>\n<\/li>\n<\/ul>\n[\/mk_custom_list][\/vc_column_inner][\/vc_row_inner][vc_empty_space height=&#8221;50px&#8221;][\/vc_column][\/vc_row][vc_row visibility=&#8221;hidden-sm&#8221;][vc_column][vc_masonry_media_grid style=&#8221;load-more&#8221; items_per_page=&#8221;21&#8243; element_width=&#8221;2&#8243; btn_title=&#8221;more&#8221; btn_shape=&#8221;square&#8221; btn_color=&#8221;sky&#8221; grid_id=&#8221;vc_gid:1671114334646-8d769e84-7c50-8&#8243; include=&#8221;2966,3595,2969,3567,3569,2964,3564,2967,3561,3596,3582,3589,2968,2965,3574,2972,3578,3551,2970,3581,3562,3580,3406,3575,2973,3399,3576,3400,3552,3401,3590,3571,2895,3572,3573,3594,3566,3586,3597,3565,3563,3591,3592,3577,2971,3593,3598,3583,3584,3585&#8243;][\/vc_column][\/vc_row][vc_row fullwidth=&#8221;true&#8221; column_padding=&#8221;5&#8243; visibility=&#8221;visible-sm&#8221;][vc_column][vc_images_carousel images=&#8221;3595,2966,2969,3551,3311,2964,3582,3567,3556,3574,3554,3575,3601,3578,3569,3589,3564,2965,2967,2968,2970,2971,2972,2973,3549,3550,3552,3553,3555,3557,3558,3568,3577,3576,3566,3565,3573,3572,3571,3570,3563,3562,3561,3560,3559,3579,3587,3586,3585,3584,3583,3581,3580,3599,3598,3597,3596,3594,3593,3592,3591,3590,3600&#8243; img_size=&#8221;400&#215;400&#8243; onclick=&#8221;link_no&#8221; speed=&#8221;4000&#8243; autoplay=&#8221;yes&#8221; hide_pagination_control=&#8221;yes&#8221; wrap=&#8221;yes&#8221;][\/vc_column][\/vc_row][vc_row][vc_column][vc_empty_space height=&#8221;50px&#8221;][\/vc_column][\/vc_row][vc_row visibility=&#8221;hidden-sm&#8221;][vc_column][vc_column_text css=&#8221;.vc_custom_1574853463702{margin-bottom: 0px !important;}&#8221;]\n<h6>Sponsors<\/h6>\n[\/vc_column_text][vc_images_carousel images=&#8221;1478,1739,1475,1476,1482,1740,1477,1480,1481,1479,5255,5257&#8243; img_size=&#8221;large&#8221; onclick=&#8221;link_no&#8221; speed=&#8221;2000&#8243; slides_per_view=&#8221;5&#8243; autoplay=&#8221;yes&#8221; hide_pagination_control=&#8221;yes&#8221; hide_prev_next_buttons=&#8221;yes&#8221; wrap=&#8221;yes&#8221;][\/vc_column][\/vc_row][vc_row fullwidth=&#8221;true&#8221; visibility=&#8221;visible-sm&#8221;][vc_column][vc_column_text css=&#8221;.vc_custom_1575380863614{margin-bottom: 0px !important;padding-left: 10% !important;}&#8221;]\n<h6>Sponsors<\/h6>\n[\/vc_column_text][vc_images_carousel images=&#8221;1478,1739,1475,1476,1482,1740,1477,1480,1481,1479,5257,5255&#8243; img_size=&#8221;200&#215;200&#8243; onclick=&#8221;link_no&#8221; speed=&#8221;2000&#8243; autoplay=&#8221;yes&#8221; hide_pagination_control=&#8221;yes&#8221; hide_prev_next_buttons=&#8221;yes&#8221; wrap=&#8221;yes&#8221; css=&#8221;.vc_custom_1575380717016{padding-right: 25% !important;padding-left: 25% !important;}&#8221;][\/vc_column][\/vc_row][vc_row id=&#8221;hackathon&#8221;][vc_column][vc_empty_space height=&#8221;50px&#8221;][vc_column_text css=&#8221;.vc_custom_1574853479629{margin-bottom: 0px !important;}&#8221;]\n<h6>Hackathon<\/h6>\n[\/vc_column_text][vc_column_text]31 developers, designers and creative minds from all over Germany have prototypically developed new VR\/AR apps in 24 hours. Complex topics such as energy system transformation, modern mobility, sustainability and neighbourhood development were successfully presented as an immersive experience, simpler, more efficient and more interesting. Six highly interesting prototypes have been created, three of which have been awarded prizes.[\/vc_column_text][\/vc_column][\/vc_row][vc_row][vc_column width=&#8221;1\/2&#8243;][vc_single_image image=&#8221;3602&#8243; img_size=&#8221;large&#8221; add_caption=&#8221;yes&#8221; alignment=&#8221;center&#8221;][\/vc_column][vc_column width=&#8221;1\/2&#8243;][vc_empty_space height=&#8221;16px&#8221;][vc_column_text css=&#8221;.vc_custom_1574336950036{margin-bottom: 0px !important;}&#8221;]<strong>Participants<\/strong>[\/vc_column_text][vc_column_text css=&#8221;.vc_custom_1574331464074{margin-bottom: 0px !important;}&#8221;]Sabrina Chmielewski, Tim Dierks, Franziska R\u00fccker, Luis L\u00fcttgens, Benjamin Wagner, Dominik Lindau, Benedikt Rauch, Mathias Bauer, Peter Von der Bey, M\u00fclheimStanoeva, Stefan Westphal, Dennis Lemon, Martn Demmer, Farina Hamann, Martin Fischer, Tim Rouven Hamp, Johannes Ronski, Tobias Pott, Katja Kohlstedt, Becker Schmitz, Daniel Br\u00fcck, Kevin Kopainski, David Rakowski, Peter Krattenmacher, Lukas Schembecker, Ole-Kristian Heyer, Frederic Lotz, Lars Stecker, Lena Volbach, Robin Palkovits, Alexander Eberhardt[\/vc_column_text][vc_row_inner][vc_column_inner width=&#8221;1\/2&#8243;][vc_column_text css=&#8221;.vc_custom_1576068526043{margin-bottom: 0px !important;}&#8221;]<strong>The Places VR _ Hackathon was supported in 2018 by the innogy Stiftung f\u00fcr Energie und Gesellschaft gGmbH<\/strong>[\/vc_column_text][mk_button dimension=&#8221;flat&#8221; size=&#8221;medium&#8221; url=&#8221;https:\/\/innogy-stiftung.com\/2018\/04\/24\/places-vr-festival\/&#8221; target=&#8221;_blank&#8221; align=&#8221;center&#8221; bg_color=&#8221;#27215b&#8221; btn_hover_bg=&#8221;#27215b&#8221;]Report in the innogy Foundation blog[\/mk_button][\/vc_column_inner][vc_column_inner width=&#8221;1\/2&#8243;][vc_single_image image=&#8221;4504&#8243; img_size=&#8221;medium&#8221; onclick=&#8221;custom_link&#8221; img_link_target=&#8221;_blank&#8221; link=&#8221;https:\/\/innogy-stiftung.com&#8221;][\/vc_column_inner][\/vc_row_inner][\/vc_column][\/vc_row][vc_row visibility=&#8221;hidden-sm&#8221;][vc_column][vc_empty_space height=&#8221;50px&#8221;][vc_masonry_media_grid style=&#8221;load-more&#8221; items_per_page=&#8221;21&#8243; element_width=&#8221;2&#8243; btn_title=&#8221;more&#8221; btn_shape=&#8221;square&#8221; btn_color=&#8221;sky&#8221; grid_id=&#8221;vc_gid:1671114334713-c2eb148b-6f11-8&#8243; include=&#8221;3406,3405,3404,2895,3403,3402,3401,3400,3399,3398,3397,3396,3395,3394,3393,3392,3391,3390,3389,3348,3347,3346,3345,3344,3343,3342,3341,3340,3339,3338,3337,3336,3335,3334,3333,3332,3331,3330,3329,3328,3327,3325,3324,2853,3323,3322,3321,3320,3318&#8243;][\/vc_column][\/vc_row][vc_row visibility=&#8221;visible-sm&#8221;][vc_column][vc_empty_space height=&#8221;50px&#8221;][vc_images_carousel images=&#8221;3333,3325,3394,3336,3390,3345,3346,3393,3398,3324,3396,3391,3348,3343,3328,3349,3344,3404,3406,3405,3331,2895,3403,3327,3326,3332,3337,3402,3400,3401,3397,3399,3392,3389,3347,3342,3340,3338,3330,3329&#8243; img_size=&#8221;400&#215;400&#8243; onclick=&#8221;link_no&#8221; speed=&#8221;4000&#8243; autoplay=&#8221;yes&#8221; hide_pagination_control=&#8221;yes&#8221; wrap=&#8221;yes&#8221;][\/vc_column][\/vc_row][vc_row][vc_column][vc_empty_space height=&#8221;50px&#8221;][\/vc_column][\/vc_row][vc_row visibility=&#8221;hidden-sm&#8221;][vc_column][vc_column_text css=&#8221;.vc_custom_1574853488628{margin-bottom: 0px !important;}&#8221;]\n<h6>Partner<\/h6>\n[\/vc_column_text][vc_images_carousel images=&#8221;1489,1491,1493,1488,1742,1476,1496,1638,1500,1498,1712,1728,1714,1637,1808,1809,1811,1812,1818,1816,1815,1822,1823,1819,1820,1821,2458,1745,1722,1743,1744,1508,1510,1511,1514,5274,5285,5287,5289,5291,5293,5295,5297,5299,5301,5303,5305,5336&#8243; img_size=&#8221;1000&#215;1000&#8243; onclick=&#8221;link_no&#8221; speed=&#8221;3000&#8243; slides_per_view=&#8221;5&#8243; autoplay=&#8221;yes&#8221; hide_pagination_control=&#8221;yes&#8221; hide_prev_next_buttons=&#8221;yes&#8221; wrap=&#8221;yes&#8221;][\/vc_column][\/vc_row][vc_row fullwidth=&#8221;true&#8221; visibility=&#8221;visible-sm&#8221;][vc_column][vc_column_text css=&#8221;.vc_custom_1575380871972{margin-bottom: 0px !important;padding-left: 10% !important;}&#8221;]\n<h6>Partner<\/h6>\n[\/vc_column_text][vc_images_carousel images=&#8221;1489,1491,1493,1488,1742,1476,1496,1638,1500,1498,2654,1712,1728,1714,1637,1808,1809,1837,1827,1811,1812,1831,1832,1818,1816,1815,1822,1823,1819,1820,1821,2687,2689,1836,2458,1745,1722,1743,1744,3298,3294,2511,2509,1508,1510,1511,1514,3308,3309&#8243; img_size=&#8221;200&#215;200&#8243; onclick=&#8221;link_no&#8221; speed=&#8221;3000&#8243; autoplay=&#8221;yes&#8221; hide_pagination_control=&#8221;yes&#8221; wrap=&#8221;yes&#8221; css=&#8221;.vc_custom_1575380731915{padding-right: 25% !important;padding-left: 25% !important;}&#8221;][\/vc_column][\/vc_row][vc_row][vc_column][vc_empty_space height=&#8221;50px&#8221;][\/vc_column][\/vc_row][vc_row visibility=&#8221;hidden-sm&#8221; id=&#8221;review&#8221;][vc_column][vc_column_text css=&#8221;.vc_custom_1574853503291{margin-bottom: 0px !important;}&#8221;]\n<h6>Press review<\/h6>\n[\/vc_column_text][vc_masonry_media_grid style=&#8221;load-more&#8221; element_width=&#8221;2&#8243; btn_title=&#8221;more&#8221; btn_shape=&#8221;square&#8221; btn_color=&#8221;sky&#8221; grid_id=&#8221;vc_gid:1671114334794-b8797cbe-e86b-7&#8243; include=&#8221;2961,2960,2959,2958,2957,2956,2955,2954,2953,2952,2951,2950,2949,2948,2947,2946,2945,2944,2943,2942,2941,2940,2939,2938,3423,3422,3421,3420,3419,3418,3417,2930,3416,3415,3414,3413,3412,3411,2923,2922,2921,3410&#8243;][\/vc_column][\/vc_row][vc_row fullwidth=&#8221;true&#8221; visibility=&#8221;visible-sm&#8221; id=&#8221;review&#8221;][vc_column][vc_column_text css=&#8221;.vc_custom_1575380887789{margin-bottom: 0px !important;}&#8221;]\n<h5>Press review<\/h5>\n[\/vc_column_text][vc_images_carousel images=&#8221;2961,2960,2959,2958,2957,2956,2955,2954,2953,2952,2951,2950,2949,2948,2947,2946,2945,2944,2943,2942,2941,2940,2939,2938,3423,3422,3421,3420,3419,3418,3417,2930,3416,3415,3414,3413,3412,3411,2923,2922,2921,3410&#8243; img_size=&#8221;medium&#8221; speed=&#8221;3000&#8243; hide_pagination_control=&#8221;yes&#8221; wrap=&#8221;yes&#8221;][\/vc_column][\/vc_row][vc_row visibility=&#8221;visible-sm&#8221;][vc_column][vc_empty_space height=&#8221;50px&#8221;][\/vc_column][\/vc_row][vc_row][vc_column][vc_column_text css=&#8221;.vc_custom_1574853513911{margin-bottom: 0px !important;}&#8221;]\n<h6>Further reviews<\/h6>\n[\/vc_column_text][\/vc_column][\/vc_row][vc_row][vc_column width=&#8221;1\/2&#8243;][vc_single_image image=&#8221;5353&#8243; img_size=&#8221;full&#8221; alignment=&#8221;center&#8221; onclick=&#8221;custom_link&#8221; link=&#8221;\/vrday\/&#8221; css=&#8221;.vc_custom_1574790788246{margin-bottom: -10px !important;}&#8221;][mk_button dimension=&#8221;flat&#8221; size=&#8221;medium&#8221; url=&#8221;\/vrday\/&#8221; align=&#8221;center&#8221; fullwidth=&#8221;true&#8221; margin_top=&#8221;-10px&#8221; bg_color=&#8221;#d60651&#8243;]VR Science &amp; Business Day[\/mk_button][vc_empty_space height=&#8221;16px&#8221;][\/vc_column][vc_column width=&#8221;1\/2&#8243;][vc_single_image image=&#8221;4364&#8243; img_size=&#8221;full&#8221; alignment=&#8221;center&#8221; onclick=&#8221;custom_link&#8221; link=&#8221;\/en\/creativeplaces2019\/&#8221; css=&#8221;.vc_custom_1583238567723{margin-bottom: -10px !important;}&#8221;][mk_button dimension=&#8221;flat&#8221; size=&#8221;medium&#8221; url=&#8221;\/en\/creativeplaces2019\/&#8221; align=&#8221;center&#8221; fullwidth=&#8221;true&#8221; margin_top=&#8221;-10px&#8221; bg_color=&#8221;#d60651&#8243;]Creative _ Places<\/p>\n[\/mk_button][\/vc_column][\/vc_row][vc_row][vc_column][vc_empty_space height=&#8221;50px&#8221;][\/vc_column][\/vc_row]\n<\/div>","protected":false},"excerpt":{"rendered":"<p>[vc_row fullwidth=&#8221;true&#8221; equal_columns=&#8221;true&#8221; column_padding=&#8221;0%&#8221; visibility=&#8221;hidden-sm&#8221; css=&#8221;.vc_custom_1654864525792{padding-top: 50px !important;padding-bottom: 50px !important;background-color: #d60651 !important;background-position: center !important;background-repeat: no-repeat !important;background-size: cover !important;}&#8221; el_class=&#8221;stretch&#8221;][vc_column][vc_column_text el_class=&#8221;big&#8221; css=&#8221;.vc_custom_1574778784673{margin-bottom: 0px !important;}&#8221;] Places _ 2018 [\/vc_column_text][\/vc_column][\/vc_row][vc_row fullwidth=&#8221;true&#8221; equal_columns=&#8221;true&#8221; column_padding=&#8221;0%&#8221; visibility=&#8221;visible-sm&#8221; css=&#8221;.vc_custom_1654864531112{padding-top: 50px !important;padding-bottom: 50px !important;background-color: #d60651 !important;background-position: center !important;background-repeat: no-repeat !important;background-size: cover !important;}&#8221;][vc_column][vc_column_text el_class=&#8221;big&#8221; css=&#8221;.vc_custom_1574778797312{margin-bottom: 0px !important;}&#8221;] Places _ 2018 [\/vc_column_text][\/vc_column][\/vc_row][vc_row css=&#8221;.vc_custom_1574848190407{padding-top: 50px !important;}&#8221;][vc_column][vc_column_text [&hellip;]<\/p>\n","protected":false},"author":4,"featured_media":0,"parent":0,"menu_order":0,"comment_status":"closed","ping_status":"closed","template":"","meta":{"footnotes":""},"class_list":["post-5571","page","type-page","status-publish","hentry"],"_links":{"self":[{"href":"https:\/\/retro.places-festival.de\/en\/wp-json\/wp\/v2\/pages\/5571","targetHints":{"allow":["GET"]}}],"collection":[{"href":"https:\/\/retro.places-festival.de\/en\/wp-json\/wp\/v2\/pages"}],"about":[{"href":"https:\/\/retro.places-festival.de\/en\/wp-json\/wp\/v2\/types\/page"}],"author":[{"embeddable":true,"href":"https:\/\/retro.places-festival.de\/en\/wp-json\/wp\/v2\/users\/4"}],"replies":[{"embeddable":true,"href":"https:\/\/retro.places-festival.de\/en\/wp-json\/wp\/v2\/comments?post=5571"}],"version-history":[{"count":3,"href":"https:\/\/retro.places-festival.de\/en\/wp-json\/wp\/v2\/pages\/5571\/revisions"}],"predecessor-version":[{"id":23906,"href":"https:\/\/retro.places-festival.de\/en\/wp-json\/wp\/v2\/pages\/5571\/revisions\/23906"}],"wp:attachment":[{"href":"https:\/\/retro.places-festival.de\/en\/wp-json\/wp\/v2\/media?parent=5571"}],"curies":[{"name":"wp","href":"https:\/\/api.w.org\/{rel}","templated":true}]}}